{"id":10,"date":"2017-08-01T12:13:17","date_gmt":"2017-08-01T12:13:17","guid":{"rendered":"https:\/\/serviciolagunilla.com\/?page_id=10"},"modified":"2021-03-05T20:44:42","modified_gmt":"2021-03-05T20:44:42","slug":"lubricantesmobil","status":"publish","type":"page","link":"https:\/\/serviciolagunilla.com\/?page_id=10","title":{"rendered":"Lubricantes Mobil"},"content":{"rendered":"\t\t<div data-elementor-type=\"wp-post\" data-elementor-id=\"10\" class=\"elementor elementor-10\" data-elementor-settings=\"[]\">\n\t\t\t\t\t\t\t<div class=\"elementor-section-wrap\">\n\t\t\t\t\t\t\t<section class=\"elementor-section elementor-top-section elementor-element elementor-element-429ec73 elementor-section-boxed elementor-section-height-default elementor-section-height-default\" data-id=\"429ec73\" data-element_type=\"section\" data-settings=\"{&quot;background_background&quot;:&quot;classic&quot;}\">\n\t\t\t\t\t\t\t<div class=\"elementor-background-overlay\"><\/div>\n\t\t\t\t\t\t\t<div class=\"elementor-container elementor-column-gap-wide\">\n\t\t\t\t\t<div class=\"elementor-column elementor-col-100 elementor-top-column elementor-element elementor-element-097e733\" data-id=\"097e733\" data-element_type=\"column\">\n\t\t\t<div class=\"elementor-widget-wrap elementor-element-populated\">\n\t\t\t\t\t\t\t\t<div class=\"elementor-element elementor-element-2d4b0ac elementor-widget elementor-widget-heading\" data-id=\"2d4b0ac\" data-element_type=\"widget\" data-widget_type=\"heading.default\">\n\t\t\t\t<div class=\"elementor-widget-container\">\n\t\t\t<h1 class=\"elementor-heading-title elementor-size-default\">Lubricantes Mobil<\/h1>\t\t<\/div>\n\t\t\t\t<\/div>\n\t\t\t\t\t<\/div>\n\t\t<\/div>\n\t\t\t\t\t\t\t<\/div>\n\t\t<\/section>\n\t\t\t\t<section class=\"elementor-section elementor-top-section elementor-element elementor-element-92e070d elementor-section-boxed elementor-section-height-default elementor-section-height-default\" data-id=\"92e070d\" data-element_type=\"section\">\n\t\t\t\t\t\t\t<div class=\"elementor-background-overlay\"><\/div>\n\t\t\t\t\t\t\t<div class=\"elementor-container elementor-column-gap-wide\">\n\t\t\t\t\t<div class=\"elementor-column elementor-col-33 elementor-top-column elementor-element elementor-element-8314538\" data-id=\"8314538\" data-element_type=\"column\">\n\t\t\t<div class=\"elementor-widget-wrap elementor-element-populated\">\n\t\t\t\t\t\t\t\t<div class=\"elementor-element elementor-element-61ff86e elementor-widget__width-auto elementor-widget-divider--view-line elementor-widget elementor-widget-divider\" data-id=\"61ff86e\" data-element_type=\"widget\" data-widget_type=\"divider.default\">\n\t\t\t\t<div class=\"elementor-widget-container\">\n\t\t\t\t\t<div class=\"elementor-divider\">\n\t\t\t<span class=\"elementor-divider-separator\">\n\t\t\t\t\t\t<\/span>\n\t\t<\/div>\n\t\t\t\t<\/div>\n\t\t\t\t<\/div>\n\t\t\t\t<div class=\"elementor-element elementor-element-028a21c elementor-widget elementor-widget-heading\" data-id=\"028a21c\" data-element_type=\"widget\" data-widget_type=\"heading.default\">\n\t\t\t\t<div class=\"elementor-widget-container\">\n\t\t\t<h4 class=\"elementor-heading-title elementor-size-default\"><h3 style=\"margin-bottom: 18px; border-width: initial; border-style: none; outline-style: none; outline-width: initial; font-family: Poppins, sans-serif; line-height: 1.4em; color: rgb(36, 36, 36); font-size: 1.4em; position: relative; background-image: none; background-position: initial; background-size: initial; background-repeat: initial; background-attachment: initial; background-origin: initial; background-clip: initial; font-style: normal; white-space: normal;\">Descubre nuestra amplia gama de aceites para motor.<\/h3><\/h4>\t\t<\/div>\n\t\t\t\t<\/div>\n\t\t\t\t\t<\/div>\n\t\t<\/div>\n\t\t\t\t<div class=\"elementor-column elementor-col-66 elementor-top-column elementor-element elementor-element-32f21ca\" data-id=\"32f21ca\" data-element_type=\"column\">\n\t\t\t<div class=\"elementor-widget-wrap elementor-element-populated\">\n\t\t\t\t\t\t\t\t<div class=\"elementor-element elementor-element-c73dbde elementor-drop-cap-yes elementor-drop-cap-view-default elementor-widget elementor-widget-text-editor\" data-id=\"c73dbde\" data-element_type=\"widget\" data-settings=\"{&quot;drop_cap&quot;:&quot;yes&quot;}\" data-widget_type=\"text-editor.default\">\n\t\t\t\t<div class=\"elementor-widget-container\">\n\t\t\t\t\t\t\t<p>No importa a d\u00f3nde te lleve el camino, los aceites Mobil\u2122 est\u00e1n aqu\u00ed para acompa\u00f1arte en cada paso de tu viaje. Ofrecemos una amplia gama de aceites para motor, desde convencionales hasta totalmente sint\u00e9ticos avanzados y para todos los tipos de veh\u00edculos, sean de pasajeros o de equipo para labores pesadas. Cuando eliges aceites para motor Mobil\u2122, puedes esperar un desempe\u00f1o \u00f3ptimo respaldado por m\u00e1s de 100 a\u00f1os de ciencia y tecnolog\u00eda.<\/p>\t\t\t\t\t\t<\/div>\n\t\t\t\t<\/div>\n\t\t\t\t\t<\/div>\n\t\t<\/div>\n\t\t\t\t\t\t\t<\/div>\n\t\t<\/section>\n\t\t\t\t<section class=\"elementor-section elementor-top-section elementor-element elementor-element-1565652 elementor-section-boxed elementor-section-height-default elementor-section-height-default\" data-id=\"1565652\" data-element_type=\"section\" data-settings=\"{&quot;background_background&quot;:&quot;classic&quot;}\">\n\t\t\t\t\t\t<div class=\"elementor-container elementor-column-gap-no\">\n\t\t\t\t\t<div class=\"elementor-column elementor-col-100 elementor-top-column elementor-element elementor-element-da63104\" data-id=\"da63104\" data-element_type=\"column\">\n\t\t\t<div class=\"elementor-widget-wrap elementor-element-populated\">\n\t\t\t\t\t\t\t\t<section class=\"elementor-section elementor-inner-section elementor-element elementor-element-b4dcb8f elementor-section-content-middle elementor-reverse-tablet elementor-reverse-mobile elementor-section-boxed elementor-section-height-default elementor-section-height-default\" data-id=\"b4dcb8f\" data-element_type=\"section\">\n\t\t\t\t\t\t<div class=\"elementor-container elementor-column-gap-wide\">\n\t\t\t\t\t<div class=\"elementor-column elementor-col-50 elementor-inner-column elementor-element elementor-element-cfedbac\" data-id=\"cfedbac\" data-element_type=\"column\">\n\t\t\t<div class=\"elementor-widget-wrap elementor-element-populated\">\n\t\t\t\t\t\t\t\t<div class=\"elementor-element elementor-element-f7869b7 elementor-widget elementor-widget-heading\" data-id=\"f7869b7\" data-element_type=\"widget\" data-widget_type=\"heading.default\">\n\t\t\t\t<div class=\"elementor-widget-container\">\n\t\t\t<h3 class=\"elementor-heading-title elementor-size-default\">Super Anti-Friction<\/h3>\t\t<\/div>\n\t\t\t\t<\/div>\n\t\t\t\t<div class=\"elementor-element elementor-element-511f9bc elementor-position-left elementor-vertical-align-top elementor-widget elementor-widget-image-box\" data-id=\"511f9bc\" data-element_type=\"widget\" data-widget_type=\"image-box.default\">\n\t\t\t\t<div class=\"elementor-widget-container\">\n\t\t\t<div class=\"elementor-image-box-wrapper\"><div class=\"elementor-image-box-content\"><h5 class=\"elementor-image-box-title\">Ahorra hasta 4% de gasolina<\/h5><\/div><\/div>\t\t<\/div>\n\t\t\t\t<\/div>\n\t\t\t\t<div class=\"elementor-element elementor-element-41d5a06 elementor-widget elementor-widget-text-editor\" data-id=\"41d5a06\" data-element_type=\"widget\" data-widget_type=\"text-editor.default\">\n\t\t\t\t<div class=\"elementor-widget-container\">\n\t\t\t\t\t\t\t<p>Sus mol\u00e9culas Friction-Fighter\u2122 mantienen un nivel adecuado de viscosidad con los cambios de temperatura y crean una capa anti-fricci\u00f3n que hacen que tu motor trabaje de forma \u00f3ptima, contribuyendo al ahorro de gasolina.<\/p><p>Los aceites Mobil Super\u2122 Anti-Friction pueden brindar ahorros de combustible hasta en un 4%, en comparaci\u00f3n con aquellos grados de viscosidad com\u00fanmente m\u00e1s utilizados. Los ahorros reales depender\u00e1n del tipo de veh\u00edculo y motor, temperatura exterior, condiciones de manejo y de la viscosidad que utilice actualmente.<\/p>\t\t\t\t\t\t<\/div>\n\t\t\t\t<\/div>\n\t\t\t\t\t<\/div>\n\t\t<\/div>\n\t\t\t\t<div class=\"elementor-column elementor-col-50 elementor-inner-column elementor-element elementor-element-fc0941d\" data-id=\"fc0941d\" data-element_type=\"column\" data-settings=\"{&quot;background_background&quot;:&quot;gradient&quot;}\">\n\t\t\t<div class=\"elementor-widget-wrap elementor-element-populated\">\n\t\t\t\t\t\t\t\t<div class=\"elementor-element elementor-element-78a9c5a elementor-widget elementor-widget-image\" data-id=\"78a9c5a\" data-element_type=\"widget\" data-widget_type=\"image.default\">\n\t\t\t\t<div class=\"elementor-widget-container\">\n\t\t\t\t\t\t\t\t\t\t\t\t\t\t\t<img loading=\"lazy\" decoding=\"async\" width=\"439\" height=\"280\" src=\"https:\/\/serviciolagunilla.com\/wp-content\/uploads\/2021\/03\/SERVICIO-LAGUNNILLA-LUBRICANTES-MOBIL-ANTIFRICCION.jpg\" class=\"attachment-full size-full\" alt=\"\" srcset=\"https:\/\/serviciolagunilla.com\/wp-content\/uploads\/2021\/03\/SERVICIO-LAGUNNILLA-LUBRICANTES-MOBIL-ANTIFRICCION.jpg 439w, https:\/\/serviciolagunilla.com\/wp-content\/uploads\/2021\/03\/SERVICIO-LAGUNNILLA-LUBRICANTES-MOBIL-ANTIFRICCION-300x191.jpg 300w\" sizes=\"auto, (max-width: 439px) 100vw, 439px\" \/>\t\t\t\t\t\t\t\t\t\t\t\t\t\t\t<\/div>\n\t\t\t\t<\/div>\n\t\t\t\t\t<\/div>\n\t\t<\/div>\n\t\t\t\t\t\t\t<\/div>\n\t\t<\/section>\n\t\t\t\t<section class=\"elementor-section elementor-inner-section elementor-element elementor-element-d500caa elementor-section-content-middle elementor-section-boxed elementor-section-height-default elementor-section-height-default\" data-id=\"d500caa\" data-element_type=\"section\">\n\t\t\t\t\t\t<div class=\"elementor-container elementor-column-gap-wide\">\n\t\t\t\t\t<div class=\"elementor-column elementor-col-50 elementor-inner-column elementor-element elementor-element-02d7bf5\" data-id=\"02d7bf5\" data-element_type=\"column\" data-settings=\"{&quot;background_background&quot;:&quot;gradient&quot;}\">\n\t\t\t<div class=\"elementor-widget-wrap elementor-element-populated\">\n\t\t\t\t\t\t\t\t<div class=\"elementor-element elementor-element-edf2067 elementor-widget elementor-widget-image\" data-id=\"edf2067\" data-element_type=\"widget\" data-widget_type=\"image.default\">\n\t\t\t\t<div class=\"elementor-widget-container\">\n\t\t\t\t\t\t\t\t\t\t\t\t\t\t\t<img loading=\"lazy\" decoding=\"async\" width=\"439\" height=\"280\" src=\"https:\/\/serviciolagunilla.com\/wp-content\/uploads\/2021\/03\/SERVICIO-LAGUNNILLA-LUBRICANTES-SUPEREXTENGINE.jpg\" class=\"attachment-large size-large\" alt=\"\" srcset=\"https:\/\/serviciolagunilla.com\/wp-content\/uploads\/2021\/03\/SERVICIO-LAGUNNILLA-LUBRICANTES-SUPEREXTENGINE.jpg 439w, https:\/\/serviciolagunilla.com\/wp-content\/uploads\/2021\/03\/SERVICIO-LAGUNNILLA-LUBRICANTES-SUPEREXTENGINE-300x191.jpg 300w\" sizes=\"auto, (max-width: 439px) 100vw, 439px\" \/>\t\t\t\t\t\t\t\t\t\t\t\t\t\t\t<\/div>\n\t\t\t\t<\/div>\n\t\t\t\t\t<\/div>\n\t\t<\/div>\n\t\t\t\t<div class=\"elementor-column elementor-col-50 elementor-inner-column elementor-element elementor-element-c681905\" data-id=\"c681905\" data-element_type=\"column\">\n\t\t\t<div class=\"elementor-widget-wrap elementor-element-populated\">\n\t\t\t\t\t\t\t\t<div class=\"elementor-element elementor-element-ee3990c elementor-widget elementor-widget-heading\" data-id=\"ee3990c\" data-element_type=\"widget\" data-widget_type=\"heading.default\">\n\t\t\t\t<div class=\"elementor-widget-container\">\n\t\t\t<h3 class=\"elementor-heading-title elementor-size-default\">Super Extrengine\n<\/h3>\t\t<\/div>\n\t\t\t\t<\/div>\n\t\t\t\t<div class=\"elementor-element elementor-element-9430d86 elementor-position-left elementor-vertical-align-top elementor-widget elementor-widget-image-box\" data-id=\"9430d86\" data-element_type=\"widget\" data-widget_type=\"image-box.default\">\n\t\t\t\t<div class=\"elementor-widget-container\">\n\t\t\t<div class=\"elementor-image-box-wrapper\"><div class=\"elementor-image-box-content\"><h6 class=\"elementor-image-box-title\">Extiende la vida de tu motor hasta por 5 a\u00f1os \u00b9<\/h6><\/div><\/div>\t\t<\/div>\n\t\t\t\t<\/div>\n\t\t\t\t<div class=\"elementor-element elementor-element-4b63b9d elementor-widget elementor-widget-text-editor\" data-id=\"4b63b9d\" data-element_type=\"widget\" data-widget_type=\"text-editor.default\">\n\t\t\t\t<div class=\"elementor-widget-container\">\n\t\t\t\t\t\t\t<p>Gracias a la tecnolog\u00eda de sus mol\u00e9culas Extengine\u2122 tu motor se mantiene en buen estado por m\u00e1s tiempo, al crear una capa renovadora en las superficies cr\u00edticas que reduce su desgaste y extiende su vida.<\/p><p>\u00b9Los a\u00f1os de extensi\u00f3n en la vida del motor se basan en pruebas de campo utilizando condiciones reales de conducci\u00f3n y en veh\u00edculos en carretera, considerando com\u00fanmente los kil\u00f3metros anuales recorridos por veh\u00edculos de pasajeros en M\u00e9xico.<\/p><p>Las pruebas de campo se refieren a extender 5 a\u00f1os m\u00e1s las buenas condiciones de la vida del motor, al cambiar de cualquier otro aceite de motor a gasolina Mobil aprobado bajo la categor\u00eda SN Plus (que se utiliz\u00f3 durante los primeros 5 a\u00f1os de vida del motor, con periodos de cambio de aceite de 13,000 km) a Mobil Super Extengine. Por lo tanto, \u00e9ste ofrece protecci\u00f3n probada durante m\u00e1s de 160,000 km \u00f3 10 a\u00f1os.<\/p>\t\t\t\t\t\t<\/div>\n\t\t\t\t<\/div>\n\t\t\t\t\t<\/div>\n\t\t<\/div>\n\t\t\t\t\t\t\t<\/div>\n\t\t<\/section>\n\t\t\t\t<section class=\"elementor-section elementor-inner-section elementor-element elementor-element-40041d3 elementor-section-content-middle elementor-reverse-tablet elementor-reverse-mobile elementor-section-boxed elementor-section-height-default elementor-section-height-default\" data-id=\"40041d3\" data-element_type=\"section\">\n\t\t\t\t\t\t<div class=\"elementor-container elementor-column-gap-wide\">\n\t\t\t\t\t<div class=\"elementor-column elementor-col-50 elementor-inner-column elementor-element elementor-element-0becc9b\" data-id=\"0becc9b\" data-element_type=\"column\">\n\t\t\t<div class=\"elementor-widget-wrap elementor-element-populated\">\n\t\t\t\t\t\t\t\t<div class=\"elementor-element elementor-element-a963899 elementor-widget elementor-widget-heading\" data-id=\"a963899\" data-element_type=\"widget\" data-widget_type=\"heading.default\">\n\t\t\t\t<div class=\"elementor-widget-container\">\n\t\t\t<h3 class=\"elementor-heading-title elementor-size-default\">Super TRC-PRO<\/h3>\t\t<\/div>\n\t\t\t\t<\/div>\n\t\t\t\t<div class=\"elementor-element elementor-element-8183744 elementor-position-left elementor-vertical-align-top elementor-widget elementor-widget-image-box\" data-id=\"8183744\" data-element_type=\"widget\" data-widget_type=\"image-box.default\">\n\t\t\t\t<div class=\"elementor-widget-container\">\n\t\t\t<div class=\"elementor-image-box-wrapper\"><div class=\"elementor-image-box-content\"><h5 class=\"elementor-image-box-title\">Tecnolog\u00eda que responde al calor<\/h5><\/div><\/div>\t\t<\/div>\n\t\t\t\t<\/div>\n\t\t\t\t<div class=\"elementor-element elementor-element-0c66a19 elementor-widget elementor-widget-text-editor\" data-id=\"0c66a19\" data-element_type=\"widget\" data-widget_type=\"text-editor.default\">\n\t\t\t\t<div class=\"elementor-widget-container\">\n\t\t\t\t\t\t\t<p>La tecnolog\u00eda de las mol\u00e9culas TRC\u2122 ofrece protecci\u00f3n extra para tu motor al activarse con el calor, ayudando a mantener una viscosidad \u00f3ptima que incluso sobrepasa las expectativas de protecci\u00f3n de un lubricante de alta calidad y viscosidad.<\/p>\t\t\t\t\t\t<\/div>\n\t\t\t\t<\/div>\n\t\t\t\t\t<\/div>\n\t\t<\/div>\n\t\t\t\t<div class=\"elementor-column elementor-col-50 elementor-inner-column elementor-element elementor-element-7632bbf\" data-id=\"7632bbf\" data-element_type=\"column\" data-settings=\"{&quot;background_background&quot;:&quot;gradient&quot;}\">\n\t\t\t<div class=\"elementor-widget-wrap elementor-element-populated\">\n\t\t\t\t\t\t\t\t<div class=\"elementor-element elementor-element-162c1bc elementor-widget elementor-widget-image\" data-id=\"162c1bc\" data-element_type=\"widget\" data-widget_type=\"image.default\">\n\t\t\t\t<div class=\"elementor-widget-container\">\n\t\t\t\t\t\t\t\t\t\t\t\t\t\t\t<img loading=\"lazy\" decoding=\"async\" width=\"439\" height=\"280\" src=\"https:\/\/serviciolagunilla.com\/wp-content\/uploads\/2021\/03\/SERVICIO-LAGUNNILLA-LUBRICANTES-TRC-PRO.jpg\" class=\"attachment-large size-large\" alt=\"\" srcset=\"https:\/\/serviciolagunilla.com\/wp-content\/uploads\/2021\/03\/SERVICIO-LAGUNNILLA-LUBRICANTES-TRC-PRO.jpg 439w, https:\/\/serviciolagunilla.com\/wp-content\/uploads\/2021\/03\/SERVICIO-LAGUNNILLA-LUBRICANTES-TRC-PRO-300x191.jpg 300w\" sizes=\"auto, (max-width: 439px) 100vw, 439px\" \/>\t\t\t\t\t\t\t\t\t\t\t\t\t\t\t<\/div>\n\t\t\t\t<\/div>\n\t\t\t\t\t<\/div>\n\t\t<\/div>\n\t\t\t\t\t\t\t<\/div>\n\t\t<\/section>\n\t\t\t\t\t<\/div>\n\t\t<\/div>\n\t\t\t\t\t\t\t<\/div>\n\t\t<\/section>\n\t\t\t\t\t\t<\/div>\n\t\t\t\t\t<\/div>\n\t\t","protected":false},"excerpt":{"rendered":"<p>Lubricantes Mobil Descubre nuestra amplia gama de aceites para motor. No importa a d\u00f3nde te lleve el camino, los aceites Mobil\u2122 est\u00e1n aqu\u00ed para acompa\u00f1arte en cada paso de tu viaje. Ofrecemos una amplia gama de aceites para motor, desde convencionales hasta totalmente sint\u00e9ticos avanzados y para todos los tipos de veh\u00edculos, sean de pasajeros &hellip;<\/p>\n<p class=\"read-more\"> <a class=\"\" href=\"https:\/\/serviciolagunilla.com\/?page_id=10\"> <span class=\"screen-reader-text\">Lubricantes Mobil<\/span> Leer m\u00e1s &raquo;<\/a><\/p>\n","protected":false},"author":1,"featured_media":0,"parent":0,"menu_order":0,"comment_status":"closed","ping_status":"closed","template":"","meta":{"footnotes":""},"class_list":["post-10","page","type-page","status-publish","hentry"],"_links":{"self":[{"href":"https:\/\/serviciolagunilla.com\/index.php?rest_route=\/wp\/v2\/pages\/10","targetHints":{"allow":["GET"]}}],"collection":[{"href":"https:\/\/serviciolagunilla.com\/index.php?rest_route=\/wp\/v2\/pages"}],"about":[{"href":"https:\/\/serviciolagunilla.com\/index.php?rest_route=\/wp\/v2\/types\/page"}],"author":[{"embeddable":true,"href":"https:\/\/serviciolagunilla.com\/index.php?rest_route=\/wp\/v2\/users\/1"}],"replies":[{"embeddable":true,"href":"https:\/\/serviciolagunilla.com\/index.php?rest_route=%2Fwp%2Fv2%2Fcomments&post=10"}],"version-history":[{"count":16,"href":"https:\/\/serviciolagunilla.com\/index.php?rest_route=\/wp\/v2\/pages\/10\/revisions"}],"predecessor-version":[{"id":1658,"href":"https:\/\/serviciolagunilla.com\/index.php?rest_route=\/wp\/v2\/pages\/10\/revisions\/1658"}],"wp:attachment":[{"href":"https:\/\/serviciolagunilla.com\/index.php?rest_route=%2Fwp%2Fv2%2Fmedia&parent=10"}],"curies":[{"name":"wp","href":"https:\/\/api.w.org\/{rel}","templated":true}]}}